{"id":1999,"date":"2022-06-23T12:37:53","date_gmt":"2022-06-23T10:37:53","guid":{"rendered":"https:\/\/www.veigel-automotive.de\/en\/?page_id=1999"},"modified":"2023-11-09T09:06:37","modified_gmt":"2023-11-09T08:06:37","slug":"impressum","status":"publish","type":"page","link":"https:\/\/www.veigel-automotive.de\/en\/impressum\/","title":{"rendered":"Impressum"},"content":{"rendered":"<p><strong>Veigel GmbH + Co. KG<\/strong><br \/>\nVerrenberger Weg 36<br \/>\nD-74613 \u00d6hringen<\/p>\n<p>Tel.: <a href=\"tel:+49 7941 605 85 0\">+49 7941 605 85 0<\/a><br \/>\nFax: <a href=\"tel:+49 7941 605 85 20\">+49 7941 605 85 20<\/a><\/p>\n<p>E-mail: <a href=\"mailto:info@veigel-automotive.de\">info@veigel-automotive.de<\/a><\/p>\n<p>Gesch\u00e4ftsf\u00fchrer: Dipl. Ing. Hinrich H. Swyter, MBE Jann Hendrik Swyter<br \/>\nReg.-Gericht Stuttgart: HRA 590231<br \/>\nUSt. ID: DE 146 281427<br \/>\nPers. haft. Ges.: Swyter GmbH, HRB 590149<br \/>\nGerichtsstand ist\u00a0\u00d6hringen<br \/>\nInhaltlich Verantwortlicher gem\u00e4\u00df \u00a76 MDStV (V.i.S.d.P.) ist Hinrich H. Swyter<\/p>\n<p>&nbsp;<\/p>\n<h4>Keine Abmahnung ohne vorherigen nachweisbaren Kontakt<\/h4>\n<p>Sollte der Inhalt oder die Aufmachung dieser Seiten fremde Rechte Dritter oder gesetzliche Bestimmungen verletzen, so bitten wir um eine entsprechende Nachricht ohne Kostennote. Die Beseitigung einer m\u00f6glicherweise von diesen Seiten ausgehenden Schutzrecht-Verletzung durch Schutzrecht-Inhaberinnen selbst darf nicht ohne unsere Zustimmung stattfinden. Wir garantieren, dass die zu Recht beanstandeten Passagen unverz\u00fcglich entfernt werden, ohne dass von Ihrer Seite die Einschaltung eines Rechtsbeistandes erforderlich ist. Dennoch von Ihnen ohne vorherige Kontaktaufnahme ausgel\u00f6ste Kosten werden wir vollumf\u00e4nglich zur\u00fcckweisen und gegebenenfalls Gegenklage wegen Verletzung vorgenannter Bestimmungen einreichen.<\/p>\n<p>&nbsp;<\/p>\n<h4>Rechtliche Hinweise<\/h4>\n<p>Diese Webseite und alle dazugeh\u00f6rigen Sub-Domains sind durch Copyright, Rechte an geistigem Eigentum und allen anderen entsprechenden Rechten gesch\u00fctzt. Diese Webseiten werden von Veigel GmbH + Co. KG ver\u00f6ffentlicht und wurden mit geb\u00fchrender Sorgfalt und Wissen zusammengestellt, und darf ohne vorherige schriftliche Genehmigung durch Veigel GmbH + Co. KG auf keine Weise vervielf\u00e4ltigt, \u00fcbertragen oder in einem Netzwerk verf\u00fcgbar gemacht werden. Eine Haftung f\u00fcr die Inanspruchnahme des Services oder dessen Nichtverf\u00fcgbarkeit wird nicht \u00fcbernommen. Dies gilt auch f\u00fcr Folgesch\u00e4den. Alle Daten dieses Angebotes genie\u00dfen nach \u00a74, \u00a7\u00a769a ff. und \u00a7\u00a787a ff. Urhebergesetz urheberrechtlichen Schutz. Alle weiteren Rechte vorbehalten. Alle Produkte, Grafiken und das Design der oben genannten Webseiten dienen ausschlie\u00dflich der pers\u00f6nlichen Information. Die Nutzung erfolgt auf eigenes Risiko. Jede Bearbeitung, Vervielf\u00e4ltigung, Verbreitung und\/oder \u00f6ffentliche Wiedergabe \u00fcberschreitet die \u00fcbliche Nutzung und stellt einen Versto\u00df gegen das Urheberrecht dar, der strafrechtlich verfolgt wird und zum Schadenersatz verpflichtet.<\/p>\n<p>&nbsp;<\/p>\n<h4>Warenzeichen \/ Trademarks<\/h4>\n<p>Die verwendeten Warenzeichen, Produktnamen und Firmennamen bzw. -logos sind das Alleineigentum der jeweiligen Besitzer. Alle Rechte vorbehalten!<\/p>\n<p>&nbsp;<\/p>\n<h4>Verweise und Links<\/h4>\n<p>Bei direkten oder indirekten Verweisen auf fremde Internetseiten Links, die au\u00dferhalb des Verantwortungsbereiches der Autoren liegen, w\u00fcrde eine Haftungsverpflichtung ausschlie\u00dflich in dem Fall in Kraft treten, in dem die Autoren von den Inhalten Kenntnis haben und es ihnen technisch m\u00f6glich und zumutbar w\u00e4re, die Nutzung im Falle rechtswidriger Inhalte zu verhindern. Die Autoren erkl\u00e4ren hiermit ausdr\u00fccklich, dass zum Zeitpunkt der Linksetzung keine illegalen Inhalte auf den zu verlinkenden Seiten erkennbar waren. Auf die aktuelle und zuk\u00fcnftige Gestaltung, die Inhalte oder die Urheberschaft der gelinkten\/verkn\u00fcpften Seiten haben die Autoren keinerlei Einfluss. Deshalb distanzieren sie sich hiermit ausdr\u00fccklich von allen Inhalten aller gelinkten \/verkn\u00fcpften Seiten, die nach der Linksetzung ver\u00e4ndert wurden. Diese Feststellung gilt f\u00fcr alle innerhalb des eigenen Internetangebotes gesetzten Links und Verweise sowie f\u00fcr Fremdeintr\u00e4ge in von den Autoren eingerichteten G\u00e4steb\u00fcchern, Diskussionsforen und Mailinglisten. F\u00fcr illegale, fehlerhafte oder unvollst\u00e4ndige Inhalte und insbesondere f\u00fcr Sch\u00e4den, die aus der Nutzung oder Nichtnutzung solcherart dargebotener Informationen entstehen, haftet allein der Anbieter der Seite, auf welche verwiesen wurde, nicht diejenigen, die \u00fcber Links auf die jeweilige Ver\u00f6ffentlichung lediglich verweisen.<\/p>\n<p>&nbsp;<\/p>\n<h4>Urheber- und Kennzeichenrecht<\/h4>\n<p>Die Autoren sind bestrebt, in allen Publikationen die Urheberrechte der verwendeten Grafiken, Tondokumente, Videosequenzen und Texte zu beachten, von ihm selbst erstellte Grafiken, Tondokumente, Videosequenzen und Texte zu nutzen oder auf lizenzfreie Grafiken, Tondokumente, Videosequenzen und Texte zur\u00fcckzugreifen. Alle innerhalb des Internetangebotes genannten und ggf. durch Dritte gesch\u00fctzten Marken- und Warenzeichen unterliegen uneingeschr\u00e4nkt den Bestimmungen des jeweils g\u00fcltigen Kennzeichenrechts und den Besitzrechten der jeweiligen eingetragenen Eigent\u00fcmer. Allein aufgrund der blo\u00dfen Nennung ist nicht der Schluss zu ziehen, dass Markenzeichen nicht durch Rechte Dritter gesch\u00fctzt sind! Das Copyright f\u00fcr ver\u00f6ffentlichte, von den Autoren selbst erstellte Objekte bleibt allein bei den Autoren der Seiten. Eine Vervielf\u00e4ltigung oder Verwendung solcher Grafiken, Tondokumente, Videosequenzen und Texte in anderen elektronischen oder gedruckten Publikationen ist ohne ausdr\u00fcckliche Zustimmung des Autors nicht gestattet.<\/p>\n<p>&nbsp;<\/p>\n<h4>Datenschutz<\/h4>\n<p>Sofern innerhalb des Internetangebotes die M\u00f6glichkeit zur Eingabe pers\u00f6nlicher oder gesch\u00e4ftlicher Daten (Emailadressen, Namen, Anschriften) besteht, so erfolgt die Preisgabe dieser Daten seitens des Nutzers auf ausdr\u00fccklich freiwilliger Basis. Die Inanspruchnahme und Bezahlung aller angebotenen Dienste ist &#8211; soweit technisch m\u00f6glich und zumutbar &#8211; auch ohne Angabe solcher Daten bzw. unter Angabe anonymisierter Daten oder eines Pseudonyms gestattet. Die Nutzung der im Rahmen des Impressums oder vergleichbarer Angaben ver\u00f6ffentlichten Kontaktdaten wie Postanschriften, Telefon- und Faxnummern sowie Emailadressen durch Dritte zur \u00dcbersendung von nicht ausdr\u00fccklich angeforderten Informationen ist nicht gestattet. Rechtliche Schritte gegen die Versender von sogenannten Spam-Mails bei Verst\u00f6\u00dfen gegen dieses Verbot sind ausdr\u00fccklich vorbehalten.<\/p>\n<p>&nbsp;<\/p>\n<h4>Rechtswirksamkeit dieses Haftungsausschlusses<\/h4>\n<p>Dieser Haftungsausschluss ist als Teil des Internetangebotes zu betrachten, von dem aus auf diese Seite verwiesen wurde. Sofern Teile oder einzelne Formulierungen dieses Textes der geltenden Rechtslage nicht, nicht mehr oder nicht vollst\u00e4ndig entsprechen sollten, bleiben die \u00fcbrigen Teile des Dokumentes (Impressum) in ihrem Inhalt und ihrer G\u00fcltigkeit davon unber\u00fchrt.<\/p>\n<p>&nbsp;<\/p>\n<h4>Bildnachweise<\/h4>\n<p>Einbau \/ <a href=\"http:\/\/www.oehringen.de\/home.html\" target=\"_blank\" rel=\"noopener\">Stadt \u00d6hringen<\/a><\/p>\n","protected":false},"excerpt":{"rendered":"<p>Veigel GmbH + Co. KG Verrenberger Weg 36 D-74613 \u00d6hringen Tel.: +49 7941 605 85 0 Fax: +49 7941 605 85 20 E-mail: info@veigel-automotive.de Gesch\u00e4ftsf\u00fchrer: Dipl. Ing. Hinrich H. Swyter, MBE Jann Hendrik Swyter Reg.-Gericht Stuttgart: HRA 590231 USt. ID: DE 146 281427 Pers. haft. Ges.: Swyter GmbH, HRB 590149 Gerichtsstand ist\u00a0\u00d6hringen Inhaltlich Verantwortlicher gem\u00e4\u00df \u00a76 MDStV (V.i.S.d.P.) ist Hinrich H. Swyter &nbsp; Keine Abmahnung ohne vorherigen nachweisbaren Kontakt Sollte [&hellip;]<\/p>\n","protected":false},"author":1,"featured_media":0,"parent":0,"menu_order":0,"comment_status":"closed","ping_status":"closed","template":"","meta":{"_acf_changed":false,"footnotes":""},"class_list":["post-1999","page","type-page","status-publish","hentry"],"acf":[],"yoast_head":"<!-- This site is optimized with the Yoast SEO plugin v27.5 - https:\/\/yoast.com\/product\/yoast-seo-wordpress\/ -->\n<title>Impressum - Veigel GmbH + Co. KG<\/title>\n<meta name=\"robots\" content=\"index, follow, max-snippet:-1, max-image-preview:large, max-video-preview:-1\" \/>\n<link rel=\"canonical\" href=\"https:\/\/www.veigel-automotive.de\/en\/impressum\/\" \/>\n<meta property=\"og:locale\" content=\"en_GB\" \/>\n<meta property=\"og:type\" content=\"article\" \/>\n<meta property=\"og:title\" content=\"Impressum - Veigel GmbH + Co. KG\" \/>\n<meta property=\"og:description\" content=\"Veigel GmbH + Co. KG Verrenberger Weg 36 D-74613 \u00d6hringen Tel.: +49 7941 605 85 0 Fax: +49 7941 605 85 20 E-mail: info@veigel-automotive.de Gesch\u00e4ftsf\u00fchrer: Dipl. Ing. Hinrich H. Swyter, MBE Jann Hendrik Swyter Reg.-Gericht Stuttgart: HRA 590231 USt. ID: DE 146 281427 Pers. haft. Ges.: Swyter GmbH, HRB 590149 Gerichtsstand ist\u00a0\u00d6hringen Inhaltlich Verantwortlicher gem\u00e4\u00df \u00a76 MDStV (V.i.S.d.P.) ist Hinrich H. Swyter &nbsp; Keine Abmahnung ohne vorherigen nachweisbaren Kontakt Sollte [&hellip;]\" \/>\n<meta property=\"og:url\" content=\"https:\/\/www.veigel-automotive.de\/en\/impressum\/\" \/>\n<meta property=\"og:site_name\" content=\"Veigel GmbH + Co. KG\" \/>\n<meta property=\"article:publisher\" content=\"https:\/\/www.facebook.com\/veigelautomotiveglobal\/\" \/>\n<meta property=\"article:modified_time\" content=\"2023-11-09T08:06:37+00:00\" \/>\n<meta name=\"twitter:card\" content=\"summary_large_image\" \/>\n<meta name=\"twitter:label1\" content=\"Estimated reading time\" \/>\n\t<meta name=\"twitter:data1\" content=\"4 minutes\" \/>\n<script type=\"application\/ld+json\" class=\"yoast-schema-graph\">{\"@context\":\"https:\\\/\\\/schema.org\",\"@graph\":[{\"@type\":\"WebPage\",\"@id\":\"https:\\\/\\\/www.veigel-automotive.de\\\/en\\\/impressum\\\/\",\"url\":\"https:\\\/\\\/www.veigel-automotive.de\\\/en\\\/impressum\\\/\",\"name\":\"Impressum - Veigel GmbH + Co. KG\",\"isPartOf\":{\"@id\":\"https:\\\/\\\/www.veigel-automotive.de\\\/en\\\/#website\"},\"datePublished\":\"2022-06-23T10:37:53+00:00\",\"dateModified\":\"2023-11-09T08:06:37+00:00\",\"breadcrumb\":{\"@id\":\"https:\\\/\\\/www.veigel-automotive.de\\\/en\\\/impressum\\\/#breadcrumb\"},\"inLanguage\":\"en-GB\",\"potentialAction\":[{\"@type\":\"ReadAction\",\"target\":[\"https:\\\/\\\/www.veigel-automotive.de\\\/en\\\/impressum\\\/\"]}]},{\"@type\":\"BreadcrumbList\",\"@id\":\"https:\\\/\\\/www.veigel-automotive.de\\\/en\\\/impressum\\\/#breadcrumb\",\"itemListElement\":[{\"@type\":\"ListItem\",\"position\":1,\"name\":\"Home\",\"item\":\"https:\\\/\\\/www.veigel-automotive.de\\\/en\\\/\"},{\"@type\":\"ListItem\",\"position\":2,\"name\":\"Impressum\"}]},{\"@type\":\"WebSite\",\"@id\":\"https:\\\/\\\/www.veigel-automotive.de\\\/en\\\/#website\",\"url\":\"https:\\\/\\\/www.veigel-automotive.de\\\/en\\\/\",\"name\":\"Veigel GmbH + Co. KG\",\"description\":\"We provide automotive mobility\",\"potentialAction\":[{\"@type\":\"SearchAction\",\"target\":{\"@type\":\"EntryPoint\",\"urlTemplate\":\"https:\\\/\\\/www.veigel-automotive.de\\\/en\\\/?s={search_term_string}\"},\"query-input\":{\"@type\":\"PropertyValueSpecification\",\"valueRequired\":true,\"valueName\":\"search_term_string\"}}],\"inLanguage\":\"en-GB\"}]}<\/script>\n<!-- \/ Yoast SEO plugin. -->","yoast_head_json":{"title":"Impressum - Veigel GmbH + Co. KG","robots":{"index":"index","follow":"follow","max-snippet":"max-snippet:-1","max-image-preview":"max-image-preview:large","max-video-preview":"max-video-preview:-1"},"canonical":"https:\/\/www.veigel-automotive.de\/en\/impressum\/","og_locale":"en_GB","og_type":"article","og_title":"Impressum - Veigel GmbH + Co. KG","og_description":"Veigel GmbH + Co. KG Verrenberger Weg 36 D-74613 \u00d6hringen Tel.: +49 7941 605 85 0 Fax: +49 7941 605 85 20 E-mail: info@veigel-automotive.de Gesch\u00e4ftsf\u00fchrer: Dipl. Ing. Hinrich H. Swyter, MBE Jann Hendrik Swyter Reg.-Gericht Stuttgart: HRA 590231 USt. ID: DE 146 281427 Pers. haft. Ges.: Swyter GmbH, HRB 590149 Gerichtsstand ist\u00a0\u00d6hringen Inhaltlich Verantwortlicher gem\u00e4\u00df \u00a76 MDStV (V.i.S.d.P.) ist Hinrich H. Swyter &nbsp; Keine Abmahnung ohne vorherigen nachweisbaren Kontakt Sollte [&hellip;]","og_url":"https:\/\/www.veigel-automotive.de\/en\/impressum\/","og_site_name":"Veigel GmbH + Co. KG","article_publisher":"https:\/\/www.facebook.com\/veigelautomotiveglobal\/","article_modified_time":"2023-11-09T08:06:37+00:00","twitter_card":"summary_large_image","twitter_misc":{"Estimated reading time":"4 minutes"},"schema":{"@context":"https:\/\/schema.org","@graph":[{"@type":"WebPage","@id":"https:\/\/www.veigel-automotive.de\/en\/impressum\/","url":"https:\/\/www.veigel-automotive.de\/en\/impressum\/","name":"Impressum - Veigel GmbH + Co. KG","isPartOf":{"@id":"https:\/\/www.veigel-automotive.de\/en\/#website"},"datePublished":"2022-06-23T10:37:53+00:00","dateModified":"2023-11-09T08:06:37+00:00","breadcrumb":{"@id":"https:\/\/www.veigel-automotive.de\/en\/impressum\/#breadcrumb"},"inLanguage":"en-GB","potentialAction":[{"@type":"ReadAction","target":["https:\/\/www.veigel-automotive.de\/en\/impressum\/"]}]},{"@type":"BreadcrumbList","@id":"https:\/\/www.veigel-automotive.de\/en\/impressum\/#breadcrumb","itemListElement":[{"@type":"ListItem","position":1,"name":"Home","item":"https:\/\/www.veigel-automotive.de\/en\/"},{"@type":"ListItem","position":2,"name":"Impressum"}]},{"@type":"WebSite","@id":"https:\/\/www.veigel-automotive.de\/en\/#website","url":"https:\/\/www.veigel-automotive.de\/en\/","name":"Veigel GmbH + Co. KG","description":"We provide automotive mobility","potentialAction":[{"@type":"SearchAction","target":{"@type":"EntryPoint","urlTemplate":"https:\/\/www.veigel-automotive.de\/en\/?s={search_term_string}"},"query-input":{"@type":"PropertyValueSpecification","valueRequired":true,"valueName":"search_term_string"}}],"inLanguage":"en-GB"}]}},"_links":{"self":[{"href":"https:\/\/www.veigel-automotive.de\/en\/wp-json\/wp\/v2\/pages\/1999","targetHints":{"allow":["GET"]}}],"collection":[{"href":"https:\/\/www.veigel-automotive.de\/en\/wp-json\/wp\/v2\/pages"}],"about":[{"href":"https:\/\/www.veigel-automotive.de\/en\/wp-json\/wp\/v2\/types\/page"}],"author":[{"embeddable":true,"href":"https:\/\/www.veigel-automotive.de\/en\/wp-json\/wp\/v2\/users\/1"}],"replies":[{"embeddable":true,"href":"https:\/\/www.veigel-automotive.de\/en\/wp-json\/wp\/v2\/comments?post=1999"}],"version-history":[{"count":1,"href":"https:\/\/www.veigel-automotive.de\/en\/wp-json\/wp\/v2\/pages\/1999\/revisions"}],"predecessor-version":[{"id":2001,"href":"https:\/\/www.veigel-automotive.de\/en\/wp-json\/wp\/v2\/pages\/1999\/revisions\/2001"}],"wp:attachment":[{"href":"https:\/\/www.veigel-automotive.de\/en\/wp-json\/wp\/v2\/media?parent=1999"}],"curies":[{"name":"wp","href":"https:\/\/api.w.org\/{rel}","templated":true}]}}